{"id":106,"date":"2024-09-19T14:00:23","date_gmt":"2024-09-19T12:00:23","guid":{"rendered":"http:\/\/adelstar.fr\/?page_id=106"},"modified":"2024-10-03T14:46:35","modified_gmt":"2024-10-03T12:46:35","slug":"mentions-legales","status":"publish","type":"page","link":"https:\/\/adelstar.fr\/index.php\/mentions-legales\/","title":{"rendered":"Mentions l\u00e9gales"},"content":{"rendered":"<style>.kb-row-layout-id106_97827a-d9 > .kt-row-column-wrap{align-content:start;}:where(.kb-row-layout-id106_97827a-d9 > .kt-row-column-wrap) > .wp-block-kadence-column{justify-content:start;}.kb-row-layout-id106_97827a-d9 > .kt-row-column-wrap{column-gap:var(--global-kb-gap-md, 2rem);row-gap:var(--global-kb-gap-md, 2rem);padding-top:var(--global-kb-spacing-xl, 4rem);padding-right:var(--global-kb-spacing-xxl, 5rem);padding-bottom:var(--global-kb-spacing-sm, 1.5rem);padding-left:var(--global-kb-spacing-xxl, 5rem);grid-template-columns:minmax(0, 1fr);}.kb-row-layout-id106_97827a-d9 > .kt-row-layout-overlay{opacity:0.30;}@media all and (max-width: 1024px){.kb-row-layout-id106_97827a-d9 > .kt-row-column-wrap{grid-template-columns:minmax(0, 1fr);}}@media all and (max-width: 767px){.kb-row-layout-id106_97827a-d9 > .kt-row-column-wrap{grid-template-columns:minmax(0, 1fr);}}<\/style><div class=\"kb-row-layout-wrap kb-row-layout-id106_97827a-d9 alignnone wp-block-kadence-rowlayout\"><div class=\"kt-row-column-wrap kt-has-1-columns kt-row-layout-equal kt-tab-layout-inherit kt-mobile-layout-row kt-row-valign-top\">\n<style>.kadence-column106_6d8e1b-00 > .kt-inside-inner-col,.kadence-column106_6d8e1b-00 > .kt-inside-inner-col:before{border-top-left-radius:0px;border-top-right-radius:0px;border-bottom-right-radius:0px;border-bottom-left-radius:0px;}.kadence-column106_6d8e1b-00 > .kt-inside-inner-col{column-gap:var(--global-kb-gap-sm, 1rem);}.kadence-column106_6d8e1b-00 > .kt-inside-inner-col{flex-direction:column;}.kadence-column106_6d8e1b-00 > .kt-inside-inner-col > .aligncenter{width:100%;}.kadence-column106_6d8e1b-00 > .kt-inside-inner-col:before{opacity:0.3;}.kadence-column106_6d8e1b-00{position:relative;}@media all and (max-width: 1024px){.kadence-column106_6d8e1b-00 > .kt-inside-inner-col{flex-direction:column;}}@media all and (max-width: 767px){.kadence-column106_6d8e1b-00 > .kt-inside-inner-col{flex-direction:column;}}<\/style>\n<div class=\"wp-block-kadence-column kadence-column106_6d8e1b-00\"><div class=\"kt-inside-inner-col\">\n<h2 class=\"wp-block-heading has-theme-palette-4-color has-text-color has-link-color wp-elements-18263ff8a96d8de11208b3c9318709ec\">Mentions l\u00e9gales<\/h2>\n\n\n\n<p><strong>1. Pr\u00e9sentation du site<\/strong><\/p>\n\n\n\n<p>Le site Adelstar est un site d\u00e9di\u00e9 \u00e0 la formation en pr\u00e9vention sant\u00e9 et s\u00e9curit\u00e9 au travail, accessible \u00e0 l&rsquo;adresse suivante : [URL du site].<\/p>\n\n\n\n<p><strong>2. \u00c9diteur du site<\/strong><\/p>\n\n\n\n<p><strong>Nom de l\u2019organisme<\/strong> : Adelstar<br><strong>Forme juridique<\/strong> : SASU [Soci\u00e9t\u00e9 \u00e0 Responsabilit\u00e9 Limit\u00e9e (SARL), Soci\u00e9t\u00e9 par Actions Simplifi\u00e9e (SAS), etc.]<br><strong>Capital social<\/strong> : 1000\u20ac<br><strong>Si\u00e8ge social<\/strong> : 232 rue de la Tuilerie 47340 Hautefage La Tour<br><strong>Num\u00e9ro SIRET<\/strong> : [Num\u00e9ro SIRET]<br><strong>Num\u00e9ro TVA intracommunautaire<\/strong> : [Num\u00e9ro de TVA]<br><strong>T\u00e9l\u00e9phone<\/strong> : [Num\u00e9ro de t\u00e9l\u00e9phone]<br><strong>Email<\/strong> : contact@adelstar.fr<\/p>\n\n\n\n<p><strong>3. Directeur de la publication<\/strong><\/p>\n\n\n\n<p>Le directeur de la publication est Abdelkrim Haryouli en qualit\u00e9 de Pr\u00e9sident de soci\u00e9t\u00e9.<\/p>\n\n\n\n<p><strong>4. H\u00e9bergement<\/strong><\/p>\n\n\n\n<p>Le site est h\u00e9berg\u00e9 par :<br><strong>Nom de l\u2019h\u00e9bergeur<\/strong> : OVH<br><strong>Adresse<\/strong> : [Adresse compl\u00e8te de l&rsquo;h\u00e9bergeur]<br><strong>T\u00e9l\u00e9phone<\/strong> : [Num\u00e9ro de t\u00e9l\u00e9phone de l&rsquo;h\u00e9bergeur]<\/p>\n\n\n\n<p><strong>5. Propri\u00e9t\u00e9 intellectuelle<\/strong><\/p>\n\n\n\n<p>Tous les \u00e9l\u00e9ments pr\u00e9sents sur ce site (textes, images, logos, etc.) sont la propri\u00e9t\u00e9 exclusive de ADELSTAR ou de leurs auteurs respectifs. Toute reproduction ou repr\u00e9sentation, int\u00e9grale ou partielle, de ce site, par quelque proc\u00e9d\u00e9 que ce soit, est interdite sans autorisation pr\u00e9alable.<\/p>\n\n\n\n<p><strong>6. Donn\u00e9es personnelles<\/strong><\/p>\n\n\n\n<p>Conform\u00e9ment \u00e0 la l\u00e9gislation sur la protection des donn\u00e9es personnelles, vous disposez d\u2019un droit d\u2019acc\u00e8s, de rectification et de suppression des donn\u00e9es vous concernant. Pour exercer ce droit, veuillez nous contacter \u00e0 l\u2019adresse suivante : <a href=\"mailto:contact@adelstar.fr\">contact@adelstar.fr<\/a> .<\/p>\n\n\n\n<p>Nous nous engageons \u00e0 prot\u00e9ger vos donn\u00e9es personnelles et \u00e0 respecter votre vie priv\u00e9e. Pour plus d\u2019informations, veuillez consulter notre [Politique de confidentialit\u00e9](lien vers la politique de confidentialit\u00e9).<\/p>\n\n\n\n<p><strong>7. Cookies<\/strong><\/p>\n\n\n\n<p>Le site utilise des cookies pour am\u00e9liorer l\u2019exp\u00e9rience utilisateur. Vous avez la possibilit\u00e9 de d\u00e9sactiver les cookies via votre navigateur. Pour plus d\u2019informations sur l\u2019utilisation des cookies, veuillez consulter notre [Politique de confidentialit\u00e9](lien vers la politique de confidentialit\u00e9).<\/p>\n\n\n\n<p><strong>8. Limitation de responsabilit\u00e9<\/strong><\/p>\n\n\n\n<p>ADELSTAR ne pourra \u00eatre tenu responsable des dommages directs ou indirects, mat\u00e9riels ou immat\u00e9riels, caus\u00e9s lors de l\u2019acc\u00e8s \u00e0 ce site ou \u00e0 l\u2019utilisation des informations qui y figurent.<\/p>\n\n\n\n<p><strong>9. Droit applicable<\/strong><\/p>\n\n\n\n<p>Les pr\u00e9sentes mentions l\u00e9gales sont soumises au droit fran\u00e7ais. Tout litige relatif \u00e0 l\u2019utilisation du site sera soumis aux tribunaux comp\u00e9tents de [Votre ville].<\/p>\n\n\n\n<hr class=\"wp-block-separator has-alpha-channel-opacity\"\/>\n\n\n\n<p><strong>Date de derni\u00e8re mise \u00e0 jour<\/strong> : 24\/09\/2024<\/p>\n\n\n\n<hr class=\"wp-block-separator has-alpha-channel-opacity\"\/>\n<\/div><\/div>\n\n\n<style>.kadence-column106_52364e-9d > .kt-inside-inner-col,.kadence-column106_52364e-9d > .kt-inside-inner-col:before{border-top-left-radius:0px;border-top-right-radius:0px;border-bottom-right-radius:0px;border-bottom-left-radius:0px;}.kadence-column106_52364e-9d > .kt-inside-inner-col{column-gap:var(--global-kb-gap-sm, 1rem);}.kadence-column106_52364e-9d > .kt-inside-inner-col{flex-direction:column;}.kadence-column106_52364e-9d > .kt-inside-inner-col > .aligncenter{width:100%;}.kadence-column106_52364e-9d > .kt-inside-inner-col:before{opacity:0.3;}.kadence-column106_52364e-9d{position:relative;}@media all and (max-width: 1024px){.kadence-column106_52364e-9d > .kt-inside-inner-col{flex-direction:column;}}@media all and (max-width: 767px){.kadence-column106_52364e-9d > .kt-inside-inner-col{flex-direction:column;}}<\/style>\n<div class=\"wp-block-kadence-column kadence-column106_52364e-9d\"><div class=\"kt-inside-inner-col\"><\/div><\/div>\n\n<\/div><\/div>","protected":false},"excerpt":{"rendered":"<p>Mentions l\u00e9gales 1. Pr\u00e9sentation du site Le site Adelstar est un site d\u00e9di\u00e9 \u00e0 la formation en pr\u00e9vention sant\u00e9 et s\u00e9curit\u00e9 au travail, accessible \u00e0 l&rsquo;adresse suivante : [URL du site]. 2. \u00c9diteur du site Nom de l\u2019organisme : AdelstarForme juridique : SASU [Soci\u00e9t\u00e9 \u00e0 Responsabilit\u00e9 Limit\u00e9e (SARL), Soci\u00e9t\u00e9 par Actions Simplifi\u00e9e (SAS), etc.]Capital social&#8230;<\/p>\n","protected":false},"author":1,"featured_media":0,"parent":0,"menu_order":0,"comment_status":"closed","ping_status":"closed","template":"","meta":{"_kad_post_transparent":"","_kad_post_title":"","_kad_post_layout":"","_kad_post_sidebar_id":"","_kad_post_content_style":"","_kad_post_vertical_padding":"","_kad_post_feature":"","_kad_post_feature_position":"","_kad_post_header":false,"_kad_post_footer":false,"footnotes":""},"class_list":["post-106","page","type-page","status-publish","hentry"],"_links":{"self":[{"href":"https:\/\/adelstar.fr\/index.php\/wp-json\/wp\/v2\/pages\/106","targetHints":{"allow":["GET"]}}],"collection":[{"href":"https:\/\/adelstar.fr\/index.php\/wp-json\/wp\/v2\/pages"}],"about":[{"href":"https:\/\/adelstar.fr\/index.php\/wp-json\/wp\/v2\/types\/page"}],"author":[{"embeddable":true,"href":"https:\/\/adelstar.fr\/index.php\/wp-json\/wp\/v2\/users\/1"}],"replies":[{"embeddable":true,"href":"https:\/\/adelstar.fr\/index.php\/wp-json\/wp\/v2\/comments?post=106"}],"version-history":[{"count":9,"href":"https:\/\/adelstar.fr\/index.php\/wp-json\/wp\/v2\/pages\/106\/revisions"}],"predecessor-version":[{"id":224,"href":"https:\/\/adelstar.fr\/index.php\/wp-json\/wp\/v2\/pages\/106\/revisions\/224"}],"wp:attachment":[{"href":"https:\/\/adelstar.fr\/index.php\/wp-json\/wp\/v2\/media?parent=106"}],"curies":[{"name":"wp","href":"https:\/\/api.w.org\/{rel}","templated":true}]}}